{"id":373,"date":"2024-01-03T19:04:44","date_gmt":"2024-01-03T18:04:44","guid":{"rendered":"https:\/\/www.perfileslm.com\/?page_id=373"},"modified":"2024-01-05T22:57:48","modified_gmt":"2024-01-05T21:57:48","slug":"professional-practices","status":"publish","type":"page","link":"https:\/\/www.perfileslm.com\/en\/job-board\/professional-practices\/","title":{"rendered":"Professional practices"},"content":{"rendered":"<div class=\"wpforms-container wpforms-container-full wpforms-render-modern\" id=\"wpforms-207\"><form id=\"wpforms-form-207\" class=\"wpforms-validate wpforms-form wpforms-ajax-form\" data-formid=\"207\" method=\"post\" enctype=\"multipart\/form-data\" action=\"\/en\/wp-json\/wp\/v2\/pages\/373?wpforms_form_id=207\" data-token=\"1c1c57519251e1dd219e0ebde4eefc8f\"><noscript class=\"wpforms-error-noscript\">Please enable JavaScript in your browser to complete this form.<\/noscript><div class=\"wpforms-hidden\" id=\"wpforms-error-noscript\">Please enable JavaScript in your browser to complete this form.<\/div><div class=\"wpforms-field-container\"><div id=\"wpforms-207-field_0-container\" class=\"wpforms-field wpforms-field-name\" data-field-id=\"0\"><fieldset><legend class=\"wpforms-field-label\">Name <span class=\"wpforms-required-label\" aria-hidden=\"true\">*<\/span><\/legend><div class=\"wpforms-field-row wpforms-field-medium\"><div class=\"wpforms-field-row-block wpforms-first wpforms-one-half\"><input type=\"text\" id=\"wpforms-207-field_0\" class=\"wpforms-field-name-first wpforms-field-required\" name=\"wpforms[fields][0][first]\" aria-errormessage=\"wpforms-207-field_0-error\" required><label for=\"wpforms-207-field_0\" class=\"wpforms-field-sublabel after \">Name<\/label><\/div><div class=\"wpforms-field-row-block wpforms-one-half\"><input type=\"text\" id=\"wpforms-207-field_0-last\" class=\"wpforms-field-name-last wpforms-field-required\" name=\"wpforms[fields][0][last]\" aria-errormessage=\"wpforms-207-field_0-last-error\" required><label for=\"wpforms-207-field_0-last\" class=\"wpforms-field-sublabel after \">Surname<\/label><\/div><\/div><\/fieldset><\/div><div id=\"wpforms-207-field_3-container\" class=\"wpforms-field wpforms-field-layout\" data-field-id=\"3\"><label class=\"wpforms-field-label wpforms-label-hide\" for=\"wpforms-207-field_3\" aria-hidden=\"false\">Design<\/label><div class=\"wpforms-field-layout-columns wpforms-field-layout-preset-50-50\"><div class=\"wpforms-layout-column wpforms-layout-column-50\"><div id=\"wpforms-207-field_1-container\" class=\"wpforms-field wpforms-field-email\" data-field-id=\"1\"><label class=\"wpforms-field-label\" for=\"wpforms-207-field_1\">Email <span class=\"wpforms-required-label\" aria-hidden=\"true\">*<\/span><\/label><input type=\"email\" id=\"wpforms-207-field_1\" class=\"wpforms-field-medium wpforms-field-required\" name=\"wpforms[fields][1]\" spellcheck=\"false\" aria-errormessage=\"wpforms-207-field_1-error\" required><\/div><\/div><div class=\"wpforms-layout-column wpforms-layout-column-50\"><div id=\"wpforms-207-field_4-container\" class=\"wpforms-field wpforms-field-phone\" data-field-id=\"4\"><label class=\"wpforms-field-label\" for=\"wpforms-207-field_4\">Phone <span class=\"wpforms-required-label\" aria-hidden=\"true\">*<\/span><\/label><input type=\"tel\" id=\"wpforms-207-field_4\" class=\"wpforms-field-medium wpforms-field-required wpforms-smart-phone-field\" data-rule-smart-phone-field=\"true\" name=\"wpforms[fields][4]\" aria-errormessage=\"wpforms-207-field_4-error\" required><\/div><\/div><\/div><\/div><div id=\"wpforms-207-field_5-container\" class=\"wpforms-field wpforms-field-date-time\" data-field-id=\"5\"><fieldset><legend class=\"wpforms-field-label\">Date of birth <span class=\"wpforms-required-label\" aria-hidden=\"true\">*<\/span><\/legend><div class=\"wpforms-field-date-dropdown-wrap wpforms-field-medium\"><select name=\"wpforms[fields][5][date][m]\" id=\"wpforms-207-field_5-month\" class=\"wpforms-field-date-time-date-month wpforms-field-required\" aria-label=\"Month\"  required><option value=\"\" class=\"placeholder\" selected disabled>MM<\/option><option value=\"1\" >1<\/option><option value=\"2\" >2<\/option><option value=\"3\" >3<\/option><option value=\"4\" >4<\/option><option value=\"5\" >5<\/option><option value=\"6\" >6<\/option><option value=\"7\" >7<\/option><option value=\"8\" >8<\/option><option value=\"9\" >9<\/option><option value=\"10\" >10<\/option><option value=\"11\" >11<\/option><option value=\"12\" >12<\/option><\/select><select name=\"wpforms[fields][5][date][d]\" id=\"wpforms-207-field_5-day\" class=\"wpforms-field-date-time-date-day wpforms-field-required\" aria-label=\"Day\"  required><option value=\"\" class=\"placeholder\" selected disabled>DD<\/option><option value=\"1\" >1<\/option><option value=\"2\" >2<\/option><option value=\"3\" >3<\/option><option value=\"4\" >4<\/option><option value=\"5\" >5<\/option><option value=\"6\" >6<\/option><option value=\"7\" >7<\/option><option value=\"8\" >8<\/option><option value=\"9\" >9<\/option><option value=\"10\" >10<\/option><option value=\"11\" >11<\/option><option value=\"12\" >12<\/option><option value=\"13\" >13<\/option><option value=\"14\" >14<\/option><option value=\"15\" >15<\/option><option value=\"16\" >16<\/option><option value=\"17\" >17<\/option><option value=\"18\" >18<\/option><option value=\"19\" >19<\/option><option value=\"20\" >20<\/option><option value=\"21\" >21<\/option><option value=\"22\" >22<\/option><option value=\"23\" >23<\/option><option value=\"24\" >24<\/option><option value=\"25\" >25<\/option><option value=\"26\" >26<\/option><option value=\"27\" >27<\/option><option value=\"28\" >28<\/option><option value=\"29\" >29<\/option><option value=\"30\" >30<\/option><option value=\"31\" >31<\/option><\/select><select name=\"wpforms[fields][5][date][y]\" id=\"wpforms-207-field_5-year\" class=\"wpforms-field-date-time-date-year wpforms-field-required\" aria-label=\"Year\"  required><option value=\"\" class=\"placeholder\" selected disabled>YYYY<\/option><option value=\"2026\" >2026<\/option><option value=\"2025\" >2025<\/option><option value=\"2024\" >2024<\/option><option value=\"2023\" >2023<\/option><option value=\"2022\" >2022<\/option><option value=\"2021\" >2021<\/option><option value=\"2020\" >2020<\/option><option value=\"2019\" >2019<\/option><option value=\"2018\" >2018<\/option><option value=\"2017\" >2017<\/option><option value=\"2016\" >2016<\/option><option value=\"2015\" >2015<\/option><option value=\"2014\" >2014<\/option><option value=\"2013\" >2013<\/option><option value=\"2012\" >2012<\/option><option value=\"2011\" >2011<\/option><option value=\"2010\" >2010<\/option><option value=\"2009\" >2009<\/option><option value=\"2008\" >2008<\/option><option value=\"2007\" >2007<\/option><option value=\"2006\" >2006<\/option><option value=\"2005\" >2005<\/option><option value=\"2004\" >2004<\/option><option value=\"2003\" >2003<\/option><option value=\"2002\" >2002<\/option><option value=\"2001\" >2001<\/option><option value=\"2000\" >2000<\/option><option value=\"1999\" >1999<\/option><option value=\"1998\" >1998<\/option><option value=\"1997\" >1997<\/option><option value=\"1996\" >1996<\/option><option value=\"1995\" >1995<\/option><option value=\"1994\" >1994<\/option><option value=\"1993\" >1993<\/option><option value=\"1992\" >1992<\/option><option value=\"1991\" >1991<\/option><option value=\"1990\" >1990<\/option><option value=\"1989\" >1989<\/option><option value=\"1988\" >1988<\/option><option value=\"1987\" >1987<\/option><option value=\"1986\" >1986<\/option><option value=\"1985\" >1985<\/option><option value=\"1984\" >1984<\/option><option value=\"1983\" >1983<\/option><option value=\"1982\" >1982<\/option><option value=\"1981\" >1981<\/option><option value=\"1980\" >1980<\/option><option value=\"1979\" >1979<\/option><option value=\"1978\" >1978<\/option><option value=\"1977\" >1977<\/option><option value=\"1976\" >1976<\/option><option value=\"1975\" >1975<\/option><option value=\"1974\" >1974<\/option><option value=\"1973\" >1973<\/option><option value=\"1972\" >1972<\/option><option value=\"1971\" >1971<\/option><option value=\"1970\" >1970<\/option><option value=\"1969\" >1969<\/option><option value=\"1968\" >1968<\/option><option value=\"1967\" >1967<\/option><option value=\"1966\" >1966<\/option><option value=\"1965\" >1965<\/option><option value=\"1964\" >1964<\/option><option value=\"1963\" >1963<\/option><option value=\"1962\" >1962<\/option><option value=\"1961\" >1961<\/option><option value=\"1960\" >1960<\/option><option value=\"1959\" >1959<\/option><option value=\"1958\" >1958<\/option><option value=\"1957\" >1957<\/option><option value=\"1956\" >1956<\/option><option value=\"1955\" >1955<\/option><option value=\"1954\" >1954<\/option><option value=\"1953\" >1953<\/option><option value=\"1952\" >1952<\/option><option value=\"1951\" >1951<\/option><option value=\"1950\" >1950<\/option><option value=\"1949\" >1949<\/option><option value=\"1948\" >1948<\/option><option value=\"1947\" >1947<\/option><option value=\"1946\" >1946<\/option><option value=\"1945\" >1945<\/option><option value=\"1944\" >1944<\/option><option value=\"1943\" >1943<\/option><option value=\"1942\" >1942<\/option><option value=\"1941\" >1941<\/option><option value=\"1940\" >1940<\/option><option value=\"1939\" >1939<\/option><option value=\"1938\" >1938<\/option><option value=\"1937\" >1937<\/option><option value=\"1936\" >1936<\/option><option value=\"1935\" >1935<\/option><option value=\"1934\" >1934<\/option><option value=\"1933\" >1933<\/option><option value=\"1932\" >1932<\/option><option value=\"1931\" >1931<\/option><option value=\"1930\" >1930<\/option><option value=\"1929\" >1929<\/option><option value=\"1928\" >1928<\/option><option value=\"1927\" >1927<\/option><option value=\"1926\" >1926<\/option><option value=\"1925\" >1925<\/option><option value=\"1924\" >1924<\/option><option value=\"1923\" >1923<\/option><option value=\"1922\" >1922<\/option><option value=\"1921\" >1921<\/option><option value=\"1920\" >1920<\/option><\/select><\/div><\/fieldset><\/div><div id=\"wpforms-207-field_6-container\" class=\"wpforms-field wpforms-field-file-upload\" data-field-id=\"6\"><label class=\"wpforms-field-label\" for=\"wpforms-207-field_6\">Attach your CV<\/label><div\n\t\tclass=\"wpforms-uploader\"\n\t\tdata-field-id=\"6\"\n\t\tdata-form-id=\"207\"\n\t\tdata-input-name=\"wpforms_207_6\"\n\t\tdata-extensions=\"pdf\"\n\t\tdata-max-size=\"5242880\"\n\t\tdata-max-file-number=\"1\"\n\t\tdata-post-max-size=\"1073741824\"\n\t\tdata-max-parallel-uploads=\"4\"\n\t\tdata-parallel-uploads=\"true\"\n\t\tdata-file-chunk-size=\"2097152\">\n\t<div class=\"dz-message\">\n\t\t<svg viewBox=\"0 0 1024 1024\" focusable=\"false\" data-icon=\"inbox\" width=\"50px\" height=\"50px\" fill=\"currentColor\" aria-hidden=\"true\">\n\t\t\t<path d=\"M885.2 446.3l-.2-.8-112.2-285.1c-5-16.1-19.9-27.2-36.8-27.2H281.2c-17 0-32.1 11.3-36.9 27.6L139.4 443l-.3.7-.2.8c-1.3 4.9-1.7 9.9-1 14.8-.1 1.6-.2 3.2-.2 4.8V830a60.9 60.9 0 0 0 60.8 60.8h627.2c33.5 0 60.8-27.3 60.9-60.8V464.1c0-1.3 0-2.6-.1-3.7.4-4.9 0-9.6-1.3-14.1zm-295.8-43l-.3 15.7c-.8 44.9-31.8 75.1-77.1 75.1-22.1 0-41.1-7.1-54.8-20.6S436 441.2 435.6 419l-.3-15.7H229.5L309 210h399.2l81.7 193.3H589.4zm-375 76.8h157.3c24.3 57.1 76 90.8 140.4 90.8 33.7 0 65-9.4 90.3-27.2 22.2-15.6 39.5-37.4 50.7-63.6h156.5V814H214.4V480.1z\"><\/path>\n\t\t<\/svg>\n\t\t<span class=\"modern-title\">Click or drag a file to this area to upload.<\/span>\n\n\t\t\t<\/div>\n<\/div>\n<input\n\t\ttype=\"text\"\n\t\tautocomplete=\"off\"\n\t\tclass=\"dropzone-input\"\n\t\tstyle=\"position:absolute!important;clip:rect(0,0,0,0)!important;height:1px!important;width:1px!important;border:0!important;overflow:hidden!important;padding:0!important;margin:0!important;\"\n\t\tid=\"wpforms-207-field_6\"\n\t\tname=\"wpforms_207_6\" \t\tvalue=\"\">\n<div id=\"wpforms-207-field_6-description\" class=\"wpforms-field-description\">Maximum size allowed 5mb. Allowed files: pdf.<\/div><\/div><div id=\"wpforms-207-field_2-container\" class=\"wpforms-field wpforms-field-textarea\" data-field-id=\"2\"><label class=\"wpforms-field-label\" for=\"wpforms-207-field_2\">Message<\/label><textarea id=\"wpforms-207-field_2\" class=\"wpforms-field-medium\" name=\"wpforms[fields][2]\" aria-errormessage=\"wpforms-207-field_2-error\" ><\/textarea><\/div><\/div><!-- .wpforms-field-container --><div class=\"wpforms-recaptcha-container wpforms-is-recaptcha\" ><div class=\"g-recaptcha\" data-sitekey=\"6Le3uUQpAAAAAIhsP6v1dij6k90SoDOi9aC5cxAG\"><\/div><input type=\"text\" name=\"g-recaptcha-hidden\" class=\"wpforms-recaptcha-hidden\" style=\"position:absolute!important;clip:rect(0,0,0,0)!important;height:1px!important;width:1px!important;border:0!important;overflow:hidden!important;padding:0!important;margin:0!important;\" data-rule-recaptcha=\"1\"><\/div><div class=\"wpforms-submit-container\" ><input type=\"hidden\" name=\"wpforms[id]\" value=\"207\"><input type=\"hidden\" name=\"wpforms[author]\" value=\"4\"><button type=\"submit\" name=\"wpforms[submit]\" id=\"wpforms-submit-207\" class=\"wpforms-submit\" data-alt-text=\"Submitting...\" data-submit-text=\"Submit\" aria-live=\"assertive\" value=\"wpforms-submit\">Submit<\/button><img loading=\"lazy\" decoding=\"async\" src=\"https:\/\/www.perfileslm.com\/wp-content\/plugins\/wpforms\/assets\/images\/submit-spin.svg\" class=\"wpforms-submit-spinner\" style=\"display: none;\" width=\"26\" height=\"26\" alt=\"Loading\"><\/div><\/form><\/div>  <!-- .wpforms-container -->\n","protected":false},"excerpt":{"rendered":"","protected":false},"author":4,"featured_media":193,"parent":371,"menu_order":0,"comment_status":"closed","ping_status":"closed","template":"page-simple.php","meta":{"_acf_changed":false,"footnotes":""},"class_list":["post-373","page","type-page","status-publish","has-post-thumbnail","hentry"],"acf":[],"yoast_head":"<!-- This site is optimized with the Yoast SEO plugin v23.9 - https:\/\/yoast.com\/wordpress\/plugins\/seo\/ -->\n<title>Professional practices - Perfiles LM<\/title>\n<meta name=\"robots\" content=\"index, follow, max-snippet:-1, max-image-preview:large, max-video-preview:-1\" \/>\n<link rel=\"canonical\" href=\"https:\/\/www.perfileslm.com\/en\/job-board\/professional-practices\/\" \/>\n<meta property=\"og:locale\" content=\"en_US\" \/>\n<meta property=\"og:type\" content=\"article\" \/>\n<meta property=\"og:title\" content=\"Professional practices - Perfiles LM\" \/>\n<meta property=\"og:url\" content=\"https:\/\/www.perfileslm.com\/en\/job-board\/professional-practices\/\" \/>\n<meta property=\"og:site_name\" content=\"Perfiles LM\" \/>\n<meta property=\"article:publisher\" content=\"https:\/\/www.facebook.com\/PerfilesLM\" \/>\n<meta property=\"article:modified_time\" content=\"2024-01-05T21:57:48+00:00\" \/>\n<meta property=\"og:image\" content=\"https:\/\/www.perfileslm.com\/wp-content\/uploads\/2024\/01\/banner-practicas.jpg\" \/>\n\t<meta property=\"og:image:width\" content=\"960\" \/>\n\t<meta property=\"og:image:height\" content=\"972\" \/>\n\t<meta property=\"og:image:type\" content=\"image\/jpeg\" \/>\n<meta name=\"twitter:card\" content=\"summary_large_image\" \/>\n<meta name=\"twitter:label1\" content=\"Est. reading time\" \/>\n\t<meta name=\"twitter:data1\" content=\"1 minute\" \/>\n<script type=\"application\/ld+json\" class=\"yoast-schema-graph\">{\"@context\":\"https:\/\/schema.org\",\"@graph\":[{\"@type\":\"WebPage\",\"@id\":\"https:\/\/www.perfileslm.com\/en\/job-board\/professional-practices\/\",\"url\":\"https:\/\/www.perfileslm.com\/en\/job-board\/professional-practices\/\",\"name\":\"Professional practices - Perfiles LM\",\"isPartOf\":{\"@id\":\"https:\/\/www.perfileslm.com\/en\/#website\"},\"primaryImageOfPage\":{\"@id\":\"https:\/\/www.perfileslm.com\/en\/job-board\/professional-practices\/#primaryimage\"},\"image\":{\"@id\":\"https:\/\/www.perfileslm.com\/en\/job-board\/professional-practices\/#primaryimage\"},\"thumbnailUrl\":\"https:\/\/www.perfileslm.com\/wp-content\/uploads\/2024\/01\/banner-practicas.jpg\",\"datePublished\":\"2024-01-03T18:04:44+00:00\",\"dateModified\":\"2024-01-05T21:57:48+00:00\",\"breadcrumb\":{\"@id\":\"https:\/\/www.perfileslm.com\/en\/job-board\/professional-practices\/#breadcrumb\"},\"inLanguage\":\"en-US\",\"potentialAction\":[{\"@type\":\"ReadAction\",\"target\":[\"https:\/\/www.perfileslm.com\/en\/job-board\/professional-practices\/\"]}]},{\"@type\":\"ImageObject\",\"inLanguage\":\"en-US\",\"@id\":\"https:\/\/www.perfileslm.com\/en\/job-board\/professional-practices\/#primaryimage\",\"url\":\"https:\/\/www.perfileslm.com\/wp-content\/uploads\/2024\/01\/banner-practicas.jpg\",\"contentUrl\":\"https:\/\/www.perfileslm.com\/wp-content\/uploads\/2024\/01\/banner-practicas.jpg\",\"width\":960,\"height\":972},{\"@type\":\"BreadcrumbList\",\"@id\":\"https:\/\/www.perfileslm.com\/en\/job-board\/professional-practices\/#breadcrumb\",\"itemListElement\":[{\"@type\":\"ListItem\",\"position\":1,\"name\":\"Portada\",\"item\":\"https:\/\/www.perfileslm.com\/en\/\"},{\"@type\":\"ListItem\",\"position\":2,\"name\":\"Job board\",\"item\":\"https:\/\/www.perfileslm.com\/en\/job-board\/\"},{\"@type\":\"ListItem\",\"position\":3,\"name\":\"Professional practices\"}]},{\"@type\":\"WebSite\",\"@id\":\"https:\/\/www.perfileslm.com\/en\/#website\",\"url\":\"https:\/\/www.perfileslm.com\/en\/\",\"name\":\"Perfiles LM\",\"description\":\"Somos una empresa con mas 50 a\u00f1os de experiencia en la  fabricaci\u00f3n de perfiles y tubos de l\u00e1mina de acero, garantizados por su dise\u00f1o, acabado y un estricto sistema de control de calidad.\",\"publisher\":{\"@id\":\"https:\/\/www.perfileslm.com\/en\/#organization\"},\"potentialAction\":[{\"@type\":\"SearchAction\",\"target\":{\"@type\":\"EntryPoint\",\"urlTemplate\":\"https:\/\/www.perfileslm.com\/en\/?s={search_term_string}\"},\"query-input\":{\"@type\":\"PropertyValueSpecification\",\"valueRequired\":true,\"valueName\":\"search_term_string\"}}],\"inLanguage\":\"en-US\"},{\"@type\":\"Organization\",\"@id\":\"https:\/\/www.perfileslm.com\/en\/#organization\",\"name\":\"Perfiles LM\",\"url\":\"https:\/\/www.perfileslm.com\/en\/\",\"logo\":{\"@type\":\"ImageObject\",\"inLanguage\":\"en-US\",\"@id\":\"https:\/\/www.perfileslm.com\/en\/#\/schema\/logo\/image\/\",\"url\":\"https:\/\/www.perfileslm.com\/wp-content\/uploads\/2024\/09\/perfiles-lm.jpg\",\"contentUrl\":\"https:\/\/www.perfileslm.com\/wp-content\/uploads\/2024\/09\/perfiles-lm.jpg\",\"width\":778,\"height\":342,\"caption\":\"Perfiles LM\"},\"image\":{\"@id\":\"https:\/\/www.perfileslm.com\/en\/#\/schema\/logo\/image\/\"},\"sameAs\":[\"https:\/\/www.facebook.com\/PerfilesLM\"]}]}<\/script>\n<!-- \/ Yoast SEO plugin. -->","yoast_head_json":{"title":"Professional practices - Perfiles LM","robots":{"index":"index","follow":"follow","max-snippet":"max-snippet:-1","max-image-preview":"max-image-preview:large","max-video-preview":"max-video-preview:-1"},"canonical":"https:\/\/www.perfileslm.com\/en\/job-board\/professional-practices\/","og_locale":"en_US","og_type":"article","og_title":"Professional practices - Perfiles LM","og_url":"https:\/\/www.perfileslm.com\/en\/job-board\/professional-practices\/","og_site_name":"Perfiles LM","article_publisher":"https:\/\/www.facebook.com\/PerfilesLM","article_modified_time":"2024-01-05T21:57:48+00:00","og_image":[{"width":960,"height":972,"url":"https:\/\/www.perfileslm.com\/wp-content\/uploads\/2024\/01\/banner-practicas.jpg","type":"image\/jpeg"}],"twitter_card":"summary_large_image","twitter_misc":{"Est. reading time":"1 minute"},"schema":{"@context":"https:\/\/schema.org","@graph":[{"@type":"WebPage","@id":"https:\/\/www.perfileslm.com\/en\/job-board\/professional-practices\/","url":"https:\/\/www.perfileslm.com\/en\/job-board\/professional-practices\/","name":"Professional practices - Perfiles LM","isPartOf":{"@id":"https:\/\/www.perfileslm.com\/en\/#website"},"primaryImageOfPage":{"@id":"https:\/\/www.perfileslm.com\/en\/job-board\/professional-practices\/#primaryimage"},"image":{"@id":"https:\/\/www.perfileslm.com\/en\/job-board\/professional-practices\/#primaryimage"},"thumbnailUrl":"https:\/\/www.perfileslm.com\/wp-content\/uploads\/2024\/01\/banner-practicas.jpg","datePublished":"2024-01-03T18:04:44+00:00","dateModified":"2024-01-05T21:57:48+00:00","breadcrumb":{"@id":"https:\/\/www.perfileslm.com\/en\/job-board\/professional-practices\/#breadcrumb"},"inLanguage":"en-US","potentialAction":[{"@type":"ReadAction","target":["https:\/\/www.perfileslm.com\/en\/job-board\/professional-practices\/"]}]},{"@type":"ImageObject","inLanguage":"en-US","@id":"https:\/\/www.perfileslm.com\/en\/job-board\/professional-practices\/#primaryimage","url":"https:\/\/www.perfileslm.com\/wp-content\/uploads\/2024\/01\/banner-practicas.jpg","contentUrl":"https:\/\/www.perfileslm.com\/wp-content\/uploads\/2024\/01\/banner-practicas.jpg","width":960,"height":972},{"@type":"BreadcrumbList","@id":"https:\/\/www.perfileslm.com\/en\/job-board\/professional-practices\/#breadcrumb","itemListElement":[{"@type":"ListItem","position":1,"name":"Portada","item":"https:\/\/www.perfileslm.com\/en\/"},{"@type":"ListItem","position":2,"name":"Job board","item":"https:\/\/www.perfileslm.com\/en\/job-board\/"},{"@type":"ListItem","position":3,"name":"Professional practices"}]},{"@type":"WebSite","@id":"https:\/\/www.perfileslm.com\/en\/#website","url":"https:\/\/www.perfileslm.com\/en\/","name":"Perfiles LM","description":"Somos una empresa con mas 50 a\u00f1os de experiencia en la  fabricaci\u00f3n de perfiles y tubos de l\u00e1mina de acero, garantizados por su dise\u00f1o, acabado y un estricto sistema de control de calidad.","publisher":{"@id":"https:\/\/www.perfileslm.com\/en\/#organization"},"potentialAction":[{"@type":"SearchAction","target":{"@type":"EntryPoint","urlTemplate":"https:\/\/www.perfileslm.com\/en\/?s={search_term_string}"},"query-input":{"@type":"PropertyValueSpecification","valueRequired":true,"valueName":"search_term_string"}}],"inLanguage":"en-US"},{"@type":"Organization","@id":"https:\/\/www.perfileslm.com\/en\/#organization","name":"Perfiles LM","url":"https:\/\/www.perfileslm.com\/en\/","logo":{"@type":"ImageObject","inLanguage":"en-US","@id":"https:\/\/www.perfileslm.com\/en\/#\/schema\/logo\/image\/","url":"https:\/\/www.perfileslm.com\/wp-content\/uploads\/2024\/09\/perfiles-lm.jpg","contentUrl":"https:\/\/www.perfileslm.com\/wp-content\/uploads\/2024\/09\/perfiles-lm.jpg","width":778,"height":342,"caption":"Perfiles LM"},"image":{"@id":"https:\/\/www.perfileslm.com\/en\/#\/schema\/logo\/image\/"},"sameAs":["https:\/\/www.facebook.com\/PerfilesLM"]}]}},"_links":{"self":[{"href":"https:\/\/www.perfileslm.com\/en\/wp-json\/wp\/v2\/pages\/373","targetHints":{"allow":["GET"]}}],"collection":[{"href":"https:\/\/www.perfileslm.com\/en\/wp-json\/wp\/v2\/pages"}],"about":[{"href":"https:\/\/www.perfileslm.com\/en\/wp-json\/wp\/v2\/types\/page"}],"author":[{"embeddable":true,"href":"https:\/\/www.perfileslm.com\/en\/wp-json\/wp\/v2\/users\/4"}],"replies":[{"embeddable":true,"href":"https:\/\/www.perfileslm.com\/en\/wp-json\/wp\/v2\/comments?post=373"}],"version-history":[{"count":3,"href":"https:\/\/www.perfileslm.com\/en\/wp-json\/wp\/v2\/pages\/373\/revisions"}],"predecessor-version":[{"id":376,"href":"https:\/\/www.perfileslm.com\/en\/wp-json\/wp\/v2\/pages\/373\/revisions\/376"}],"up":[{"embeddable":true,"href":"https:\/\/www.perfileslm.com\/en\/wp-json\/wp\/v2\/pages\/371"}],"wp:featuredmedia":[{"embeddable":true,"href":"https:\/\/www.perfileslm.com\/en\/wp-json\/wp\/v2\/media\/193"}],"wp:attachment":[{"href":"https:\/\/www.perfileslm.com\/en\/wp-json\/wp\/v2\/media?parent=373"}],"curies":[{"name":"wp","href":"https:\/\/api.w.org\/{rel}","templated":true}]}}