{"id":328,"date":"2023-12-18T20:36:25","date_gmt":"2023-12-18T19:36:25","guid":{"rendered":"https:\/\/www.perfileslm.com\/products\/"},"modified":"2025-07-12T00:11:02","modified_gmt":"2025-07-11T22:11:02","slug":"products","status":"publish","type":"page","link":"https:\/\/www.perfileslm.com\/en\/products\/","title":{"rendered":"Products"},"content":{"rendered":"","protected":false},"excerpt":{"rendered":"","protected":false},"author":4,"featured_media":58,"parent":0,"menu_order":0,"comment_status":"closed","ping_status":"closed","template":"page-products.php","meta":{"_acf_changed":false,"footnotes":""},"class_list":["post-328","page","type-page","status-publish","has-post-thumbnail","hentry"],"acf":[],"yoast_head":"<!-- This site is optimized with the Yoast SEO plugin v23.9 - https:\/\/yoast.com\/wordpress\/plugins\/seo\/ -->\n<title>Products - Perfiles LM<\/title>\n<meta name=\"robots\" content=\"index, follow, max-snippet:-1, max-image-preview:large, max-video-preview:-1\" \/>\n<link rel=\"canonical\" href=\"https:\/\/www.perfileslm.com\/en\/products\/\" \/>\n<meta property=\"og:locale\" content=\"en_US\" \/>\n<meta property=\"og:type\" content=\"article\" \/>\n<meta property=\"og:title\" content=\"Products - Perfiles LM\" \/>\n<meta property=\"og:url\" content=\"https:\/\/www.perfileslm.com\/en\/products\/\" \/>\n<meta property=\"og:site_name\" content=\"Perfiles LM\" \/>\n<meta property=\"article:publisher\" content=\"https:\/\/www.facebook.com\/PerfilesLM\" \/>\n<meta property=\"article:modified_time\" content=\"2025-07-11T22:11:02+00:00\" \/>\n<meta property=\"og:image\" content=\"https:\/\/www.perfileslm.com\/wp-content\/uploads\/2023\/12\/productos.jpg\" \/>\n\t<meta property=\"og:image:width\" content=\"1920\" \/>\n\t<meta property=\"og:image:height\" content=\"845\" \/>\n\t<meta property=\"og:image:type\" content=\"image\/jpeg\" \/>\n<meta name=\"twitter:card\" content=\"summary_large_image\" \/>\n<meta name=\"twitter:label1\" content=\"Est. reading time\" \/>\n\t<meta name=\"twitter:data1\" content=\"1 minute\" \/>\n<script type=\"application\/ld+json\" class=\"yoast-schema-graph\">{\"@context\":\"https:\/\/schema.org\",\"@graph\":[{\"@type\":\"WebPage\",\"@id\":\"https:\/\/www.perfileslm.com\/en\/products\/\",\"url\":\"https:\/\/www.perfileslm.com\/en\/products\/\",\"name\":\"Products - Perfiles LM\",\"isPartOf\":{\"@id\":\"https:\/\/www.perfileslm.com\/en\/#website\"},\"primaryImageOfPage\":{\"@id\":\"https:\/\/www.perfileslm.com\/en\/products\/#primaryimage\"},\"image\":{\"@id\":\"https:\/\/www.perfileslm.com\/en\/products\/#primaryimage\"},\"thumbnailUrl\":\"https:\/\/www.perfileslm.com\/wp-content\/uploads\/2023\/12\/productos.jpg\",\"datePublished\":\"2023-12-18T19:36:25+00:00\",\"dateModified\":\"2025-07-11T22:11:02+00:00\",\"breadcrumb\":{\"@id\":\"https:\/\/www.perfileslm.com\/en\/products\/#breadcrumb\"},\"inLanguage\":\"en-US\",\"potentialAction\":[{\"@type\":\"ReadAction\",\"target\":[\"https:\/\/www.perfileslm.com\/en\/products\/\"]}]},{\"@type\":\"ImageObject\",\"inLanguage\":\"en-US\",\"@id\":\"https:\/\/www.perfileslm.com\/en\/products\/#primaryimage\",\"url\":\"https:\/\/www.perfileslm.com\/wp-content\/uploads\/2023\/12\/productos.jpg\",\"contentUrl\":\"https:\/\/www.perfileslm.com\/wp-content\/uploads\/2023\/12\/productos.jpg\",\"width\":1920,\"height\":845},{\"@type\":\"BreadcrumbList\",\"@id\":\"https:\/\/www.perfileslm.com\/en\/products\/#breadcrumb\",\"itemListElement\":[{\"@type\":\"ListItem\",\"position\":1,\"name\":\"Portada\",\"item\":\"https:\/\/www.perfileslm.com\/en\/\"},{\"@type\":\"ListItem\",\"position\":2,\"name\":\"Products\"}]},{\"@type\":\"WebSite\",\"@id\":\"https:\/\/www.perfileslm.com\/en\/#website\",\"url\":\"https:\/\/www.perfileslm.com\/en\/\",\"name\":\"Perfiles LM\",\"description\":\"Somos una empresa con mas 50 a\u00f1os de experiencia en la  fabricaci\u00f3n de perfiles y tubos de l\u00e1mina de acero, garantizados por su dise\u00f1o, acabado y un estricto sistema de control de calidad.\",\"publisher\":{\"@id\":\"https:\/\/www.perfileslm.com\/en\/#organization\"},\"potentialAction\":[{\"@type\":\"SearchAction\",\"target\":{\"@type\":\"EntryPoint\",\"urlTemplate\":\"https:\/\/www.perfileslm.com\/en\/?s={search_term_string}\"},\"query-input\":{\"@type\":\"PropertyValueSpecification\",\"valueRequired\":true,\"valueName\":\"search_term_string\"}}],\"inLanguage\":\"en-US\"},{\"@type\":\"Organization\",\"@id\":\"https:\/\/www.perfileslm.com\/en\/#organization\",\"name\":\"Perfiles LM\",\"url\":\"https:\/\/www.perfileslm.com\/en\/\",\"logo\":{\"@type\":\"ImageObject\",\"inLanguage\":\"en-US\",\"@id\":\"https:\/\/www.perfileslm.com\/en\/#\/schema\/logo\/image\/\",\"url\":\"https:\/\/www.perfileslm.com\/wp-content\/uploads\/2024\/09\/perfiles-lm.jpg\",\"contentUrl\":\"https:\/\/www.perfileslm.com\/wp-content\/uploads\/2024\/09\/perfiles-lm.jpg\",\"width\":778,\"height\":342,\"caption\":\"Perfiles LM\"},\"image\":{\"@id\":\"https:\/\/www.perfileslm.com\/en\/#\/schema\/logo\/image\/\"},\"sameAs\":[\"https:\/\/www.facebook.com\/PerfilesLM\"]}]}<\/script>\n<!-- \/ Yoast SEO plugin. -->","yoast_head_json":{"title":"Products - Perfiles LM","robots":{"index":"index","follow":"follow","max-snippet":"max-snippet:-1","max-image-preview":"max-image-preview:large","max-video-preview":"max-video-preview:-1"},"canonical":"https:\/\/www.perfileslm.com\/en\/products\/","og_locale":"en_US","og_type":"article","og_title":"Products - Perfiles LM","og_url":"https:\/\/www.perfileslm.com\/en\/products\/","og_site_name":"Perfiles LM","article_publisher":"https:\/\/www.facebook.com\/PerfilesLM","article_modified_time":"2025-07-11T22:11:02+00:00","og_image":[{"width":1920,"height":845,"url":"https:\/\/www.perfileslm.com\/wp-content\/uploads\/2023\/12\/productos.jpg","type":"image\/jpeg"}],"twitter_card":"summary_large_image","twitter_misc":{"Est. reading time":"1 minute"},"schema":{"@context":"https:\/\/schema.org","@graph":[{"@type":"WebPage","@id":"https:\/\/www.perfileslm.com\/en\/products\/","url":"https:\/\/www.perfileslm.com\/en\/products\/","name":"Products - Perfiles LM","isPartOf":{"@id":"https:\/\/www.perfileslm.com\/en\/#website"},"primaryImageOfPage":{"@id":"https:\/\/www.perfileslm.com\/en\/products\/#primaryimage"},"image":{"@id":"https:\/\/www.perfileslm.com\/en\/products\/#primaryimage"},"thumbnailUrl":"https:\/\/www.perfileslm.com\/wp-content\/uploads\/2023\/12\/productos.jpg","datePublished":"2023-12-18T19:36:25+00:00","dateModified":"2025-07-11T22:11:02+00:00","breadcrumb":{"@id":"https:\/\/www.perfileslm.com\/en\/products\/#breadcrumb"},"inLanguage":"en-US","potentialAction":[{"@type":"ReadAction","target":["https:\/\/www.perfileslm.com\/en\/products\/"]}]},{"@type":"ImageObject","inLanguage":"en-US","@id":"https:\/\/www.perfileslm.com\/en\/products\/#primaryimage","url":"https:\/\/www.perfileslm.com\/wp-content\/uploads\/2023\/12\/productos.jpg","contentUrl":"https:\/\/www.perfileslm.com\/wp-content\/uploads\/2023\/12\/productos.jpg","width":1920,"height":845},{"@type":"BreadcrumbList","@id":"https:\/\/www.perfileslm.com\/en\/products\/#breadcrumb","itemListElement":[{"@type":"ListItem","position":1,"name":"Portada","item":"https:\/\/www.perfileslm.com\/en\/"},{"@type":"ListItem","position":2,"name":"Products"}]},{"@type":"WebSite","@id":"https:\/\/www.perfileslm.com\/en\/#website","url":"https:\/\/www.perfileslm.com\/en\/","name":"Perfiles LM","description":"Somos una empresa con mas 50 a\u00f1os de experiencia en la  fabricaci\u00f3n de perfiles y tubos de l\u00e1mina de acero, garantizados por su dise\u00f1o, acabado y un estricto sistema de control de calidad.","publisher":{"@id":"https:\/\/www.perfileslm.com\/en\/#organization"},"potentialAction":[{"@type":"SearchAction","target":{"@type":"EntryPoint","urlTemplate":"https:\/\/www.perfileslm.com\/en\/?s={search_term_string}"},"query-input":{"@type":"PropertyValueSpecification","valueRequired":true,"valueName":"search_term_string"}}],"inLanguage":"en-US"},{"@type":"Organization","@id":"https:\/\/www.perfileslm.com\/en\/#organization","name":"Perfiles LM","url":"https:\/\/www.perfileslm.com\/en\/","logo":{"@type":"ImageObject","inLanguage":"en-US","@id":"https:\/\/www.perfileslm.com\/en\/#\/schema\/logo\/image\/","url":"https:\/\/www.perfileslm.com\/wp-content\/uploads\/2024\/09\/perfiles-lm.jpg","contentUrl":"https:\/\/www.perfileslm.com\/wp-content\/uploads\/2024\/09\/perfiles-lm.jpg","width":778,"height":342,"caption":"Perfiles LM"},"image":{"@id":"https:\/\/www.perfileslm.com\/en\/#\/schema\/logo\/image\/"},"sameAs":["https:\/\/www.facebook.com\/PerfilesLM"]}]}},"_links":{"self":[{"href":"https:\/\/www.perfileslm.com\/en\/wp-json\/wp\/v2\/pages\/328","targetHints":{"allow":["GET"]}}],"collection":[{"href":"https:\/\/www.perfileslm.com\/en\/wp-json\/wp\/v2\/pages"}],"about":[{"href":"https:\/\/www.perfileslm.com\/en\/wp-json\/wp\/v2\/types\/page"}],"author":[{"embeddable":true,"href":"https:\/\/www.perfileslm.com\/en\/wp-json\/wp\/v2\/users\/4"}],"replies":[{"embeddable":true,"href":"https:\/\/www.perfileslm.com\/en\/wp-json\/wp\/v2\/comments?post=328"}],"version-history":[{"count":1,"href":"https:\/\/www.perfileslm.com\/en\/wp-json\/wp\/v2\/pages\/328\/revisions"}],"predecessor-version":[{"id":782,"href":"https:\/\/www.perfileslm.com\/en\/wp-json\/wp\/v2\/pages\/328\/revisions\/782"}],"wp:featuredmedia":[{"embeddable":true,"href":"https:\/\/www.perfileslm.com\/en\/wp-json\/wp\/v2\/media\/58"}],"wp:attachment":[{"href":"https:\/\/www.perfileslm.com\/en\/wp-json\/wp\/v2\/media?parent=328"}],"curies":[{"name":"wp","href":"https:\/\/api.w.org\/{rel}","templated":true}]}}